{"id":370,"date":"2020-12-22T15:21:37","date_gmt":"2020-12-22T14:21:37","guid":{"rendered":"https:\/\/alinacyranek.com\/?page_id=370"},"modified":"2020-12-22T15:21:38","modified_gmt":"2020-12-22T14:21:38","slug":"impressum","status":"publish","type":"page","link":"https:\/\/alinacyranek.com\/en\/impressum\/","title":{"rendered":"Impressum"},"content":{"rendered":"\n<p>Videos, Texte, Bilder, Grafiken, Sounds und Animationen sowie deren Anordnung auf dieser Webseite unterliegen dem Schutz des Urheberrechts und anderer Schutzgesetze. Der Inhalt dieser Webseite darf nicht von Benutzern kopiert, verbreitet, ver\u00e4ndert oder dritten zug\u00e4nglich gemacht werden.\u2028Es kann keine Haftung oder Garantie daf\u00fcr \u00fcbernommen werden, dass alle Angaben zu jeder Zeit vollst\u00e4ndig, richtig und in letzter Aktualit\u00e4t dargestellt sind. Dies gilt insbesondere f\u00fcr alle Links zu anderen Webseiten, auf die direkt oder indirekt verwiesen wird, ebenso f\u00fcr die Rechtm\u00e4\u00dfigkeit dieser Webseiten. Alle Angaben auf dieser Webseite k\u00f6nnen ohne vorherige Ank\u00fcndigung ge\u00e4ndert, entfernt oder erg\u00e4nzt werden.\u2028Inhalt, Struktur und Gestaltung dieser Webseite sind urheberrechtlich gesch\u00fctzt.\u2028 Inhaltlich Verantwortlicher im Sinne des Presserechts gem\u00e4\u00df \u00a76 und \u00a710 Absatz 3 MDStv: Alina Cyranek<\/p>\n\n\n\n<p>Alina Cyranek<br>Industriestr. 95 \/ Aufgang D<br>04229 Leipzig \/ Germany<\/p>\n\n\n\n<p><a href=\"&#x6d;&#x61;&#x69;&#x6c;&#116;&#111;:he&#x6c;&#x6c;&#x6f;&#x40;&#97;&#108;ina&#x63;&#x79;&#x72;&#x61;&#110;&#101;&#107;&#46;c&#x6f;&#x6d;\"><strong>hel&#108;&#111;&#64;&#97;&#x6c;&#x69;&#x6e;&#x61;&#x63;&#x79;&#x72;ane&#107;&#46;&#99;&#111;&#109;<\/strong>&nbsp;<\/a><\/p>\n\n\n\n<p>You may create web links to any URL on alinacyranek.com, including articles. You may not copy, reproduce, distribute, publish, display, perform, modify or in any way exploit any part of this service without the prior written permission of Alina Cyranek. For information regarding commercial or personal use of the content of this site please contact Alina Cyranek at &#104;e&#x6c;l&#x6f;&#64;&#x61;&#108;&#x69;&#110;a&#x63;y&#x72;&#97;&#x6e;&#101;&#x6b;&#46;&#x63;&#111;m. Alina Cyranek is not responsible for the content of external webpages.<\/p>\n","protected":false},"excerpt":{"rendered":"<p>Videos, Texte, Bilder, Grafiken, Sounds und Animationen sowie deren Anordnung auf dieser Webseite unterliegen dem Schutz des Urheberrechts und anderer Schutzgesetze. Der Inhalt dieser Webseite darf nicht von Benutzern kopiert, verbreitet, ver\u00e4ndert oder dritten zug\u00e4nglich gemacht werden.\u2028Es kann keine Haftung oder Garantie daf\u00fcr \u00fcbernommen werden, dass alle Angaben zu jeder Zeit vollst\u00e4ndig, richtig und in [&hellip;]<\/p>\n","protected":false},"author":1,"featured_media":0,"parent":0,"menu_order":0,"comment_status":"closed","ping_status":"closed","template":"","meta":{"_acf_changed":false,"footnotes":""},"acf":[],"_links":{"self":[{"href":"https:\/\/alinacyranek.com\/en\/wp-json\/wp\/v2\/pages\/370"}],"collection":[{"href":"https:\/\/alinacyranek.com\/en\/wp-json\/wp\/v2\/pages"}],"about":[{"href":"https:\/\/alinacyranek.com\/en\/wp-json\/wp\/v2\/types\/page"}],"author":[{"embeddable":true,"href":"https:\/\/alinacyranek.com\/en\/wp-json\/wp\/v2\/users\/1"}],"replies":[{"embeddable":true,"href":"https:\/\/alinacyranek.com\/en\/wp-json\/wp\/v2\/comments?post=370"}],"version-history":[{"count":1,"href":"https:\/\/alinacyranek.com\/en\/wp-json\/wp\/v2\/pages\/370\/revisions"}],"predecessor-version":[{"id":371,"href":"https:\/\/alinacyranek.com\/en\/wp-json\/wp\/v2\/pages\/370\/revisions\/371"}],"wp:attachment":[{"href":"https:\/\/alinacyranek.com\/en\/wp-json\/wp\/v2\/media?parent=370"}],"curies":[{"name":"wp","href":"https:\/\/api.w.org\/{rel}","templated":true}]}}